{"id":107,"date":"2012-06-04T13:23:19","date_gmt":"2012-06-04T11:23:19","guid":{"rendered":"http:\/\/www.tropenvillacuracao.nl\/?page_id=107"},"modified":"2024-02-27T15:07:52","modified_gmt":"2024-02-27T14:07:52","slug":"vakantie-met-kinderen","status":"publish","type":"page","link":"https:\/\/karibikvilla.tropenvillacuracao.nl\/?page_id=107","title":{"rendered":"Ferien mit Kindern"},"content":{"rendered":"<h5>Kinderanimation<\/h5>\n<p>Die Tropenvilla ist der ideale Ferienvilla f\u00fcr einen wunderbaren, erholsamen Urlaub mit Kindern und Enkeln. In den gro\u00dfen ummauerten Garten ist gen\u00fcgend Platz f\u00fcr die Kinder zum herum laufen, Fu\u00dfBall, Beach-Ball oder Badmintonzu\u00a0spielen und dar\u00fcber hinaus das Wasservergn\u00fcgen im Pool. Auch Brettspiele sind\u00a0nat\u00fcrlich f\u00fcr H\u00e4nde in den Tropenvilla damit Ihre\u00a0Kinder und Enkeln\u00a0sich nicht\u00a0langweilen, w\u00e4hrend Sie in der Sonne liegen oder ein Buch lesen auf einer der Terrassen.<br \/>\nAber nat\u00fcrlich k\u00f6nnen Sie auch einen der nahe gelegenen Str\u00e4nde besuchen, den wundersch\u00f6nen Strand von Blue Bay mit zahlreichen Annehmlichkeiten ist nur 5 Minuten von der Villa entfernt. Und wenn die Sonne untergeht k\u00f6nnen Sie mit der ganzen Familie ein gem\u00fctliches Grillfest\u00a0im Outdoor-K\u00fcche anfangen.<\/p>\n<h5>Baby Einrichtungen<\/h5>\n<p>Urlaub mit kleinen Kindern erfordert viel von Ihr Talent zum Organisieren, vor allem wenn\u00a0Sie zu einem tropischen Ort\u00a0fliegen. Um Ihnen etwas zu entlasten sind in der Tropenvilla die notwendigen Einrichtungen f\u00fcr Familien mit kleinen Kindern vorhanden.<br \/>\nDie Tropenvilla hat nat\u00fcrlich eine Mikrowelle und Wasserkocher. Sie k\u00f6nnen verf\u00fcgen \u00fcber ein Baby Bett (mit Bettw\u00e4sche), Babymonitor, ein Babybecken, Maxi Cosi, Autositz, Wickelkissen, Hochstuhl etc.<\/p>\n<h5>Praktisch<\/h5>\n<p>Sie k\u00f6nnen verf\u00fcgen \u00fcber eine Sp\u00fclmaschine, Waschmaschine (B\u00fcgeleisen und B\u00fcgelbrett)\u00a0und wenn Sie noch etwas fehlt dann gibt es ein gro\u00dfer Supermarkt in 2 Gehminuten die einschlie\u00dflich aller bekannten Windel-Marken, Babynahrung\u00a0und\u00a0Sonnenbrand und Moskito geeignet f\u00fcr kleine Kinder verkauft.<\/p>\n<p>Bitte melden\u00a0Sie auf\u00a0Ihre Reservierungsanfrage ob Sie \u00fcber die Baby Einrichtungen verf\u00fcgen m\u00f6chten.<\/p>\n<p><strong>Haben Sie Fragen oder m\u00f6chten Sie eine Reservierungsanfrage machen, schicken Sie bitte ein e-mail an<\/strong>\u00a0<span style=\"color: #0000ff;\"><a href=\"mailto:info@tropenvillacuracao.nl\"><span style=\"color: #0000ff;\">info@tropenvillacuracao.nl<\/span><\/a><\/span><\/p>\n","protected":false},"excerpt":{"rendered":"<p>Kinderanimation Die Tropenvilla ist der ideale Ferienvilla f\u00fcr einen wunderbaren, erholsamen Urlaub mit Kindern und Enkeln. In den gro\u00dfen ummauerten Garten ist gen\u00fcgend Platz f\u00fcr die Kinder zum herum laufen, Fu\u00dfBall, Beach-Ball oder Badmintonzu\u00a0spielen und dar\u00fcber hinaus das Wasservergn\u00fcgen im Pool. Auch Brettspiele sind\u00a0nat\u00fcrlich f\u00fcr H\u00e4nde in den Tropenvilla damit Ihre\u00a0Kinder und Enkeln\u00a0sich nicht\u00a0langweilen, w\u00e4hrend [&hellip;]<\/p>\n","protected":false},"author":1,"featured_media":0,"parent":0,"menu_order":0,"comment_status":"open","ping_status":"open","template":"","meta":[],"_links":{"self":[{"href":"https:\/\/karibikvilla.tropenvillacuracao.nl\/index.php?rest_route=\/wp\/v2\/pages\/107"}],"collection":[{"href":"https:\/\/karibikvilla.tropenvillacuracao.nl\/index.php?rest_route=\/wp\/v2\/pages"}],"about":[{"href":"https:\/\/karibikvilla.tropenvillacuracao.nl\/index.php?rest_route=\/wp\/v2\/types\/page"}],"author":[{"embeddable":true,"href":"https:\/\/karibikvilla.tropenvillacuracao.nl\/index.php?rest_route=\/wp\/v2\/users\/1"}],"replies":[{"embeddable":true,"href":"https:\/\/karibikvilla.tropenvillacuracao.nl\/index.php?rest_route=%2Fwp%2Fv2%2Fcomments&post=107"}],"version-history":[{"count":20,"href":"https:\/\/karibikvilla.tropenvillacuracao.nl\/index.php?rest_route=\/wp\/v2\/pages\/107\/revisions"}],"predecessor-version":[{"id":763,"href":"https:\/\/karibikvilla.tropenvillacuracao.nl\/index.php?rest_route=\/wp\/v2\/pages\/107\/revisions\/763"}],"wp:attachment":[{"href":"https:\/\/karibikvilla.tropenvillacuracao.nl\/index.php?rest_route=%2Fwp%2Fv2%2Fmedia&parent=107"}],"curies":[{"name":"wp","href":"https:\/\/api.w.org\/{rel}","templated":true}]}}