{"id":134,"date":"2012-06-04T16:14:37","date_gmt":"2012-06-04T14:14:37","guid":{"rendered":"http:\/\/www.tropenvillacuracao.nl\/?page_id=134"},"modified":"2024-02-27T15:02:32","modified_gmt":"2024-02-27T14:02:32","slug":"beschikbaarheid","status":"publish","type":"page","link":"https:\/\/karibikvilla.tropenvillacuracao.nl\/?page_id=134","title":{"rendered":"Preise und Verf\u00fcgbarkeit"},"content":{"rendered":"<p>Haben Sie Fragen oder m\u00f6chten Sie eine Reservierungsanfrage machen, schicken Sie bitte ein e-mail an<span style=\"color: #0000ff;\"> <a href=\"mailto:info@tropenvillacuracao.nl\"><span style=\"color: #0000ff;\">info@tropenvillacuracao.nl<\/span><\/a><\/span><\/p>\n<p><strong>Mietpreise Villa<\/strong><br \/>Die Mietpreise f\u00fcr die Tropenvilla sind sicherlich G\u00fcnstig, vor allem, wenn man die mit Hotel\u00fcbernachtungen f\u00fcr die gleiche Anzahl von Personen vergleicht\u00a0(zum Vergleich: 1 Doppelzimmer im Avilla Beach Hotel kostet \u20ac 220,- pro Nacht). Dar\u00fcber hinaus genie\u00dfen Sie in einem Hotel nicht die Privatsph\u00e4re einer privaten Villa mit sch\u00f6nen Terrassen, gro\u00dfer Garten und den Luxus, einen gro\u00dfen privaten Pool. Die Preise f\u00fcr die Tropenvilla sind pro Reservierung und unabh\u00e4ngig von der Anzahl der Personen. Sie mieten also die ganze Villa\u00a0unabh\u00e4ngig davon ob Sie mit 2 oder 10 Personen sind. In der Tropenvilla k\u00f6nnen 10 Personen und ein Baby \u00fcbernachten. Auf Anfrage k\u00f6nnen wir Ihnen ein zus\u00e4tzliches Einzelbett\u00a0und\/oder Babybett auf einem der Schlafzimmer zur Verf\u00fcgung stellen.<\/p>\n<h2>\u00a0<\/h2>\n<h2><strong>Mietpreise<\/strong><\/h2>\n<ul>\n<li><strong>Standard Preis:<\/strong> \u20ac 280,- pro Nacht, Mindestaufenthalt 4 \u00dcbernachtungen. Die Standard Preise gelten ganzj\u00e4hrig aber nicht w\u00e4hrend der Hochsaison und Nebensaison.<\/li>\n<li><strong>Hochsaison Preis:<\/strong> \u20ac 325,- pro Nacht, Mindestaufenthalt 7 \u00dcbernachtungen. In die Monaten Juli\/August Mindestaufenthalt 10 \u00dcbernachtungen.<\/li>\n<li><strong>Weinachtssaison Preis:<\/strong> \u20ac 450,- pro Nacht. Mindestaufenthalt 10 \u00dcbernachtungen.<\/li>\n<\/ul>\n<h2>\u00a0<\/h2>\n<h2><strong>Inbegriffen im Preis:<\/strong><\/h2>\n<ul>\n<li>Gasverbrauch<\/li>\n<li>Gebrauch Waschmaschine und Trockner<\/li>\n<li>Bettw\u00e4sche<\/li>\n<li>Handt\u00fccher und Strandt\u00fccher<\/li>\n<li>Geschirrt\u00fccher<\/li>\n<li>Reinigung 1 x pro Woche<\/li>\n<li>Bettw\u00e4sche\u00a0und Handtuchwechsel 1 x pro Woche<\/li>\n<li>Pflege des Gartens und der Pool-Service f\u00fcr das Schwimmbad<\/li>\n<\/ul>\n<h2>\u00a0<\/h2>\n<h2>Zus\u00e4tzliche Kosten:<\/h2>\n<ol>\n<li>Die tats\u00e4chlichen Kosten die w\u00e4hrend Ihres Aufenthalts f\u00fcr Wasser und Strom entstehen. Bei Ankunft und Abreise, wird der Manager die Z\u00e4hlerst\u00e4nde in Ihrer Gegenwart ablesen. Der Verbrauch w\u00e4hrend Ihres Aufenthaltes pro m3 (in Einheiten von 0,5 m3 gerundet) f\u00fcr Wasser und kWh f\u00fcr Strom wird von der Kaution abgezogen.<\/li>\n<li>Kaution \u20ac1000,-. Dies ist nach Ber\u00fccksichtigung der Geb\u00fchren f\u00fcr Wasser und Strom und eventueller Schaden erstattet.<\/li>\n<li>7% Steuer (nur erhoben auf dem \u00dcbernachtungspreis).<\/li>\n<li>Endreinigung \u20ac150,-.<\/li>\n<\/ol>\n<h2>\u00a0<\/h2>\n<h2>Zahlung durch Bank\u00fcberweisung oder Kreditkarte<\/h2>\n<p>Die Zahlung Ihrer Buchung kann durch eine internationale Bank\u00fcberweisung.<\/p>\n<p>Wir schicken Ihnen eine Buchungsbest\u00e4tigung und Zahlungsaufforderung. Wir versuchen Sie direkt eine Anzahlung von 50% der Gesammtbetrag zu \u00fcberweisen. Dierestliche 50% soll sp\u00e4testens 2 Wochen vor das Sie im Villa eintreffen erhalten sein.<\/p>\n<p>Wenn Sie per (internationalen) Bank\u00fcberweisung\u00a0bezahlen m\u00f6chten dann\u00a0senden wir Ihnen eine Buchungsbest\u00e4tigung mit allen Details und unsere internationalen Bankkontonummern.<\/p>\n<p>F\u00fcr mehr Information sehen Sie bitte unsere <span style=\"color: #0000ff;\"><a title=\"Reservierungsbedingungen\" href=\"http:\/\/karibikvilla.tropenvillacuracao.nl\/?page_id=308\" target=\"_blank\" rel=\"noopener noreferrer\"><span style=\"color: #0000ff;\">Reservierungsbedingungen<\/span><\/a>.<\/span><\/p>\n<h2>\u00a0<\/h2>\n<h2>Verf\u00fcgbarkeit und Reservierungsanfrage<\/h2>\n<p>\u00a0<\/p>\n<p>Informationen zur Verf\u00fcgbarkeit finden Sie in unserem <a href=\"https:\/\/www.micazu.de\/ferienwohnung\/curacao\/curacao-mitte\/julianadorp\/tropical-villa-11611\/\" target=\"_blank\" rel=\"noopener\">Micazu-Kalender<\/a>.<\/p>\n<p>Bitte senden Sie ein E-mail mit ihre Reservierungsanfrage nach <a href=\"mailto:info@tropenvillacuracao.nl\">info@tropenvillacuracao.nl<\/a>. Wir werden Ihre E-mail so schnell wie m\u00f6glich beantworten aber immer innerhalb von 24 Stunden. Informieren Sie uns bitte ob Sie auch die Ausstattung f\u00fcr ein Baby w\u00fcnschen. Wir k\u00f6nnen Sie auch informieren, je nach Ihren Flugzeiten und Verf\u00fcgbarkeit, ob einen sp\u00e4ten Check-Out Zeit (ohne Aufpreis) m\u00f6glich ist.<\/p>\n<p><strong>Hochsaison:<\/strong><\/p>\n<ul>\n<li style=\"list-style-type: none;\">\n<ul>\n<li>\n<ul>\n<li>10-02-2024 tm 25-02-2024<\/li>\n<li>20-04-2024 tm 12-05-2024<\/li>\n<li>01-07-2024 tm 01-09-2024<\/li>\n<li>19-10-2024 tm 03-11-2024<\/li>\n<\/ul>\n<ul>\n<li>15-02-2025 tm 02-03-2025<\/li>\n<li>19-04-2025 tm 04-05-2025<\/li>\n<li>01-07-2025 tm 01-09-2025<\/li>\n<li>11-10-2025 tm 26-10-2025<\/li>\n<\/ul>\n<\/li>\n<\/ul>\n<\/li>\n<\/ul>\n<p><strong>Weihnachtssaison:<\/strong><\/p>\n<ul>\n<li>14-12-2024 tm 05-01-2025<\/li>\n<li>14-12-2025 tm 11-01-2026<\/li>\n<li>\u00a0<\/li>\n<\/ul>\n\n\n<p><strong> <\/strong><\/p>\n\n\n\n<p> Haben Sie Fragen oder m\u00f6chten Sie eine Reservierungsanfrage machen, schicken Sie bitte ein e-mail an <a href=\"mailto:info@tropenvillacuracao.nl\">info@tropenvillacuracao.nl<\/a> <\/p>\n","protected":false},"excerpt":{"rendered":"<p>Haben Sie Fragen oder m\u00f6chten Sie eine Reservierungsanfrage machen, schicken Sie bitte ein e-mail an info@tropenvillacuracao.nl Mietpreise VillaDie Mietpreise f\u00fcr die Tropenvilla sind sicherlich G\u00fcnstig, vor allem, wenn man die mit Hotel\u00fcbernachtungen f\u00fcr die gleiche Anzahl von Personen vergleicht\u00a0(zum Vergleich: 1 Doppelzimmer im Avilla Beach Hotel kostet \u20ac 220,- pro Nacht). Dar\u00fcber hinaus genie\u00dfen Sie [&hellip;]<\/p>\n","protected":false},"author":1,"featured_media":0,"parent":0,"menu_order":0,"comment_status":"open","ping_status":"open","template":"","meta":[],"_links":{"self":[{"href":"https:\/\/karibikvilla.tropenvillacuracao.nl\/index.php?rest_route=\/wp\/v2\/pages\/134"}],"collection":[{"href":"https:\/\/karibikvilla.tropenvillacuracao.nl\/index.php?rest_route=\/wp\/v2\/pages"}],"about":[{"href":"https:\/\/karibikvilla.tropenvillacuracao.nl\/index.php?rest_route=\/wp\/v2\/types\/page"}],"author":[{"embeddable":true,"href":"https:\/\/karibikvilla.tropenvillacuracao.nl\/index.php?rest_route=\/wp\/v2\/users\/1"}],"replies":[{"embeddable":true,"href":"https:\/\/karibikvilla.tropenvillacuracao.nl\/index.php?rest_route=%2Fwp%2Fv2%2Fcomments&post=134"}],"version-history":[{"count":121,"href":"https:\/\/karibikvilla.tropenvillacuracao.nl\/index.php?rest_route=\/wp\/v2\/pages\/134\/revisions"}],"predecessor-version":[{"id":758,"href":"https:\/\/karibikvilla.tropenvillacuracao.nl\/index.php?rest_route=\/wp\/v2\/pages\/134\/revisions\/758"}],"wp:attachment":[{"href":"https:\/\/karibikvilla.tropenvillacuracao.nl\/index.php?rest_route=%2Fwp%2Fv2%2Fmedia&parent=134"}],"curies":[{"name":"wp","href":"https:\/\/api.w.org\/{rel}","templated":true}]}}