{"id":180,"date":"2012-06-11T21:46:57","date_gmt":"2012-06-11T19:46:57","guid":{"rendered":"http:\/\/www.tropenvillacuracao.nl\/?page_id=180"},"modified":"2020-03-30T11:25:40","modified_gmt":"2020-03-30T10:25:40","slug":"ligging-en-activiteiten","status":"publish","type":"page","link":"https:\/\/karibikvilla.tropenvillacuracao.nl\/?page_id=180","title":{"rendered":"Lage und Aktivit\u00e4ten"},"content":{"rendered":"<h3 id=\"resulttxt\">Lage auf Cura\u00e7ao<\/h3>\n<p>Die Tropenvilla liegt im gr\u00fcnen und ruhigen Ort genannt Julianadorp, ein kolonialen Villa Bezirk zentral gelegen auf Cura\u00e7ao. Die Tropenvilla ist nur eine 5-min\u00fctige Fahrt vom Flughafen und&nbsp;den Strand und die 18-Hole <a title=\"Blue Bay Golf Film\" href=\"http:\/\/youtu.be\/L12ZGixJcWU\" target=\"_blank\" rel=\"noopener noreferrer\">Blue Bay Golf Course<\/a>. Die Haupstad&nbsp;Willemstad und alle Restaurants sind nur 10 Minuten&nbsp;entfernt von der Villa und man ist in 2&nbsp;Minuten im gro\u00dfe Centrum Supermarkt, die Universit\u00e4t, die Schroeder Schule und&nbsp;das Vespucci College.<\/p>\n<div id=\"resulttxt\">Julianadorp ist tats\u00e4chlich der zentralste Ort auf Cura\u00e7ao.&nbsp;F\u00fcr diejenigen die bereits auf Cura\u00e7ao waren ist es sehr wahrscheinlich ein bekannter Ort:&nbsp;das gr\u00fcnen Wohngebiet westlich Otrobanda und nur einen Steinwurf entfernt von Piscadera. Julianadorp ist ein sehr ger\u00e4umig entworfen Villa Bezirk gebaut im Jahre 1948, um die Vorstand der Shell unterzubringen. Die speziell entwickelten tropischen H\u00e4user mit vielen Erkern, breite Dachtraufen und sehr gro\u00dfz\u00fcgige Gr\u00f6\u00dfen sind typisch f\u00fcr Julianadorp. \u2018Die Holl\u00e4ndische Tropen\u2019 ist ein guter Spitzname f\u00fcr Julianadorp: die gro\u00dfen kolonialen Villen auf sehr gro\u00dfe Grundst\u00fccke an den breiten gr\u00fcnen Boulevards atmen die Atmosph\u00e4re vergangener Zeiten.<\/div>\n<p>&nbsp;<\/p>\n<p><iframe loading=\"lazy\" src=\"https:\/\/maps.google.com\/maps\/ms?msid=203207984975656919811.0004c2330bfb5f552bc76&amp;msa=0&amp;hl=nl&amp;ie=UTF8&amp;t=m&amp;ll=12.130299,-68.911743&amp;spn=0.067131,0.222816&amp;z=12&amp;output=embed\" height=\"400\" width=\"650\" frameborder=\"0\" marginwidth=\"0\" marginheight=\"0\" scrolling=\"no\"><\/iframe><\/p>\n<h3>Das \u2018richtige\u2019 Cura\u00e7ao<\/h3>\n<div id=\"resulttxt\">Die Tropenvilla in Julianadorp ist der ideale Ausgangspunkt um mehr von Cura\u00e7ao zu sehen als nur das f\u00fcr jedermann bekannte Jan Thiel und Mambo Beach. Die Insel hat noch viel mehr zu bieten,&nbsp;so wie das ruhige und unber\u00fchrte Westen mit die vielen sch\u00f6nen Buchten und nat\u00fcrliche Str\u00e4nde. <em>Blue Bay Beach,&nbsp;Kokomo beach<\/em>,&nbsp;<em>Cas Abao<\/em>&nbsp;(im Jahr 2011 auf Yahoo Travel-Liste der \u201810 besten Strandziele\u2019),<em> Grote Knip, Daaibooibaai<\/em> en <em>Porto Mari<\/em> mit ihren wei\u00dfen nat\u00fcrlichen Str\u00e4nden und kristallklarem Wasser sind echte tropische Paradiese. Oder fahren Sie nach den ber\u00fchmten Westpunkt und biegen Sie ab in der Richtung der rauen K\u00fcste auf der anderen Seite der Insel und genie\u00dfen Sie die spektakul\u00e4re Aussicht und sehen Sie wie das Meerwasser auf den&nbsp;Felsen einschlagt.<\/div>\n<p>Aber es ist gibt mehr als nur K\u00fcste, entdecken Sie das charakteristische Hinterland (\u2018Knoek\u2019 in Papiamentu) von Cura\u00e7ao mit seiner alten Landh\u00e4user und genie\u00dfen Sie einem kalten Bier und ein Pastechi beim lokaler Sn\u00e8ck. Auf Cura\u00e7ao ist ein Auto notwendig wenn man die sch\u00f6nsten Str\u00e4nde, die coolsten Bars und die besten Restaurants entdecken m\u00f6chten. Egal, ob Sie&nbsp;etwas trinken m\u00f6chten in der Stadt beim <a title=\"Gouverneur\" href=\"http:\/\/www.de-gouverneur.com\/index.html\" target=\"_blank\" rel=\"noopener noreferrer\">Gouverneur<\/a>, <a title=\"Saint Tropez Beach Club\" href=\"http:\/\/www.sainttropezcuracao.com\/\" target=\"_blank\" rel=\"noopener noreferrer\">Saint Tropez Beach Club<\/a> oder an der <a title=\"Schoonerbar\" href=\"http:\/\/www.avilahotel.de\/drink-schooner-bar\" target=\"_blank\" rel=\"noopener noreferrer\">Schoonerbar<\/a> beim Avila Hotel oder&nbsp;essen gehen im <a title=\"Landhuis Daniel\" href=\"http:\/\/www.landhuisdaniel.com\/index.php?pg=30\" target=\"_blank\" rel=\"noopener noreferrer\">Landhaus Daniel<\/a>, <a title=\"Rozendaels\" href=\"http:\/\/www.rozendaels.com\/\" target=\"_blank\" rel=\"noopener noreferrer\">Rozendaels<\/a> oder&nbsp;beim Fisch Restaurant <a title=\"Fishalicious\" href=\"http:\/\/www.fishalicious.net\/\" target=\"_blank\" rel=\"noopener noreferrer\">Fishalicious<\/a> es ist alles gleicherma\u00dfen in der N\u00e4he mit dem Auto. Und wie mit allem auf Cura\u00e7ao ist auch das Autofahren und der Verkehr ist sehr \u2018relaxed\u2019. Die Insel ist nicht&nbsp;seht Gro\u00df und es gibt \u00fcberall deutlichen Zeichen, sehr klar und erkennbar mit altmodischen Niederl\u00e4ndischen ANWB-Beschilderung.<\/p>\n<h3>Willemstad<\/h3>\n<p>Das historische Zentrum von Willemstad, die Hauptstadt von Cura\u00e7ao, ist auf der Welterbe-Liste der UNESCO. Die wundersch\u00f6ne Skyline von Kanal H\u00e4user mit Niederl\u00e4ndischen Architektur in Karibik Farben haben Willemstad den Spitznamen \u2018Amsterdam der westlichen Hemisph\u00e4re\u2019 gegeben. Die St.-Anna-Bucht trennt die Altstadt von Willemstad in zwei Teile: Punda und Otrobanda. Beide Stadtteile sind durch die ber\u00fchmte K\u00f6nigin-Emma-Br\u00fccke, bei der lokalen Bev\u00f6lkerung bekannt als <em>The swinging old lady<\/em> oder Ponton-Br\u00fccke, verbunden. Nehmen Sie Platz auf einer der Terrassen der Caf\u00e9s von Otrobanda (w\u00f6rtlich \u2018andere Seite\u2019) und genie\u00dfen Sie den malerischen Blick auf die Fassaden Pundas. Oder gehen Sie einkaufen in bunten Punda, ein Einkaufszentrum, wo&nbsp;nicht nur lokale Produkte verkauft werden, sondern auch alle wichtigen Designer und Marken vertreten sind. Verpassen Sie den Treibende Markt nicht, wo H\u00e4ndler aus Venezuela von ihren Fischerbooten ihr Angebot anpreisen.<\/p>\n<h3 id=\"resulttxt\">Str\u00e4nde<\/h3>\n<p>Die sch\u00f6nen Buchten und Str\u00e4nden von Cura\u00e7ao finden Sie vor allem entlang der gesch\u00fctzte und ruhigen K\u00fcste im S\u00fcdwesten. Der wei\u00dfe Strand von <a title=\"Blue Bay Beach\" href=\"http:\/\/hotel.bluebay-curacao.com\/beach\" target=\"_blank\" rel=\"noopener noreferrer\">Blue Bay<\/a> ist&nbsp;nur 5 Minuten von den Tropenvilla, das sehr beliebte <a title=\"Kokomo Beach\" href=\"http:\/\/www.kokomo-beach.com\/\" target=\"_blank\" rel=\"noopener noreferrer\">Kokomo Beach<\/a> ist auch in der N\u00e4he. Aber es gibt viele weitere Str\u00e4nde, wie das himmlische Strand von <a title=\"Cas Abao Beach\" href=\"http:\/\/www.casabaobeach.com\/nl\/\" target=\"_blank\" rel=\"noopener noreferrer\">Cas Abao<\/a> und auch&nbsp;<a title=\"Playa Porto Mari\" href=\"http:\/\/www.playaportomari.com\/#\/home\/\" target=\"_blank\" rel=\"noopener noreferrer\">Playa Porto Mari&nbsp;<\/a>mit seiner einzigartigen \u2018doppelte Riff\u2019, die Sie auf jeden Fall nicht verpassen sollten&nbsp;sind in der N\u00e4he. Schauen Sie sich <a title=\"Alle Strande Curacao\" href=\"http:\/\/www.curacao.com\/de\/Attraktionen-und-Restaurants\/Straende\" target=\"_blank\" rel=\"noopener noreferrer\">alle Str\u00e4nde von Cura\u00e7ao<\/a> an beim Curacao Tourist Board.<\/p>\n<h3>Golfen<\/h3>\n<p>Nicht alle Aktivit\u00e4ten konzentrieren sich&nbsp;ums Wasser in Cura\u00e7ao. Wenn Sie gerne Golf spielen&nbsp;dann k\u00f6nnen Sie spielen auf dem 18-Hole <a title=\"Blue Bay Golf\" href=\"http:\/\/golf.bluebay-curacao.com\/\" target=\"_blank\" rel=\"noopener noreferrer\">Golfplatz von Blue Bay<\/a> (nur 5 Minuten von der Tropenvilla). Der Golfplatz von Blue Bay bietet Herausforderungen und \u00dcberraschungen f\u00fcr Spieler jeden Niveau,&nbsp;das <a title=\"Blue Bay 5-Hole\" href=\"http:\/\/youtu.be\/wEzDNuvwHOg\" target=\"_blank\" rel=\"noopener noreferrer\">ber\u00fchmte 5-Hole <\/a>erfordert dass Sie eine saftige L\u00e4nge \u00fcber das Meer schlagen. Der Blue Bay Golfpaltz ist \u2018Pay und Play\u2019, also keine Mitgliedschaft erforderlich und au\u00dferdem k\u00f6nnen Sie nat\u00fcrlich auch eine Clinic oder Golf-Unterricht buchen.<\/p>\n<h3>Schnorcheln und Tauchen<\/h3>\n<p>Das Korallenriff, das vor der K\u00fcste von Curacao liegt kann mit den sch\u00f6nsten Riffformationen der Welt messen. Dort leben 57 Korallenarten und 500 Fischarten. Aus alle karibischen Inseln ist Cura\u00e7ao das&nbsp;beste Gebiet f\u00fcr K\u00fcste Tauchen und Schnorcheln. Die meiste Tauch und Schnorchel Orten sind&nbsp;sehr einfach vom Strand zug\u00e4nglich, weil das Riff oft in der N\u00e4he der K\u00fcste ist. Die Wassertemperatur ist immer angenehm, zwischen 24 und 27 \u00b0 C und die Sicht ist ausgezeichnet, durchschnittlich rund 30 Meter, die idealen Bedingungen um dieses Unterwasserparadies zu genie\u00dfen. Es gibt viele akkreditierte <a title=\"duikscholen\" href=\"http:\/\/www.curacao.com\/nl\/Attracties-en-Restaurants\/Duiken-en-Snorkelen\/Duikexploitanten\" target=\"_blank\" rel=\"noopener noreferrer\">Tauchschulen<\/a>, wo Sie einen speziellen Schnorchel oder Tauchen Tour oder Ihre Tauch-Zertifizierung buchen k\u00f6nnen.<\/p>\n<h3 id=\"resulttxt\">Schwimmen mit Delfinen<\/h3>\n<p>Delfine sind intelligente, freundliche und vor allem spielerisch Tiere es ist also nicht schwer zu begreifen, dass \u2018schwimmen mit Delfinen\u2019 ein Wunsch vieler Menschen ist. Auf Cura\u00e7ao k\u00f6nnen Sie den Wunsch wahr werden lassen. An der <a title=\"Dolphin Academy\" href=\"http:\/\/www.dolphin-academy.com\/dolfijnprog.html\" target=\"_blank\" rel=\"noopener noreferrer\">Dolphin Academy<\/a>&nbsp;k\u00f6nnen Sie schwimmen mit Delphinen in ihrem nat\u00fcrlichen Lagune, ein unvergessliches Erlebnis, mit als H\u00f6hepunkt der \u2018dorsal Ride\u2019, wo zwei Delphine Sie mit nehmen auf&nbsp;eine Fahrt w\u00e4hrend Sie ihre R\u00fcckenflossen halten.<\/p>\n<h3>Unbewohnte Insel Klein Cura\u00e7ao<\/h3>\n<p>Weitab von der gem\u00fctlichen Hektik von Punda und Otrobanda liegt eine Insel mit wei\u00dfen Sandstr\u00e4nden, kristallklarem Wasser, ein sch\u00f6nes Korallenriff: einem wahren Mekka f\u00fcr Sonnenanbeter, Taucher und Schnorchler. Klein Cura\u00e7ao liegt 25 km von der s\u00fcd\u00f6stlichen Spitze von der \u2018gro\u00dfen\u2019 Cura\u00e7ao, etwa zwei Stunden Segeln aus dem Spaanse Water. Buchen Sie f\u00fcr einen unvergesslichen Tag ein Platz auf einem Segelyacht bei <a title=\"Bounty Adventures\" href=\"http:\/\/www.bountyadventures.com\/Curacao_Home_NL.html\" target=\"_blank\" rel=\"noopener noreferrer\">Bounty Adventures <\/a>oder auf einem Motoryacht bei <a title=\"Mermaid Boattrips\" href=\"http:\/\/www.mermaidboattrips.com\/nl\/\" target=\"_blank\" rel=\"noopener noreferrer\">Mermaid Boattrips<\/a>&nbsp;und besuchen Sie diese unbewohnten Karibik-Perle.<\/p>\n<h3 id=\"resulttxt\">Essen und Trinken<\/h3>\n<p>Cura\u00e7ao hat mit ihrem gro\u00dfen kulturellen Vielfalt eine Auswahl an Restaurants, wo Sie die lokale oder internationale K\u00fcche genie\u00dfen k\u00f6nnen. Egal, ob Sie am Strand, in der Stadt oder in den H\u00fcgeln essen wollen, es gibt reichlich Auswahl, und Sie k\u00f6nnen wenn Sie wollen&nbsp;jeden Abend woanders essen gehen. Es ist immer irgendwo auf der Insel Happy Hour&nbsp; also genie\u00dfen Sie ein Sundowner in einer der vielen gem\u00fctlichen (Strand)-Clubs und Bars. In den Tropenvilla finden Sie immer die j\u00fcngste Ausgabe von die <a title=\"Big Red Island Guide\" href=\"http:\/\/www.bigredislandguide.com\/\" target=\"_blank\" rel=\"noopener noreferrer\">Big Red Island Guide<\/a>, die Insel-Guide f\u00fcr die nettesten Restaurant,&nbsp;Bars und Beach Clubs. Und einmal auf der Insel finden Sie \u00fcberall die gratis <a title=\"K-pasa\" href=\"http:\/\/k-pasa.com\/\" target=\"_blank\" rel=\"noopener noreferrer\">K-Pasa<\/a>&nbsp;Flyer mit einem \u00dcberblick \u00fcber die Happy Hours, Filme und Performances der Woche.<\/p>\n<h3>Sonstige Aktivit\u00e4ten en Sehensw\u00fcrdigkeiten<\/h3>\n<p>Es gibt auf Cura\u00e7ao eine ganze Menge zu tun und zu erleben, zu viel&nbsp;um Alles hier zu erw\u00e4hnen. Auf der <a title=\"Cura\u00e7ao Tourist Board\" href=\"http:\/\/www.curacao.com\/nl\/Attracties-en-Restaurants\/Bezienswaardigheden\" target=\"_blank\" rel=\"noopener noreferrer\">Cura\u00e7ao Tourist Board <\/a>Webseite finden Sie alle m\u00f6gliche weitere Sehensw\u00fcrdigkeiten und Aktivit\u00e4ten.<\/p>\n<p>&nbsp;<\/p>\n<p><strong>Haben Sie Fragen oder m\u00f6chten Sie eine Reservierungsanfrage machen, schicken Sie bitte ein e-mail an<\/strong><span style=\"color: #0000ff;\">&nbsp;<a href=\"mailto:info@tropenvillacuracao.nl\"><span style=\"color: #0000ff;\">info@tropenvillacuracao.nl<\/span><\/a><\/span><\/p>\n","protected":false},"excerpt":{"rendered":"<p>Lage auf Cura\u00e7ao Die Tropenvilla liegt im gr\u00fcnen und ruhigen Ort genannt Julianadorp, ein kolonialen Villa Bezirk zentral gelegen auf Cura\u00e7ao. Die Tropenvilla ist nur eine 5-min\u00fctige Fahrt vom Flughafen und&nbsp;den Strand und die 18-Hole Blue Bay Golf Course. Die Haupstad&nbsp;Willemstad und alle Restaurants sind nur 10 Minuten&nbsp;entfernt von der Villa und man ist in [&hellip;]<\/p>\n","protected":false},"author":1,"featured_media":0,"parent":0,"menu_order":0,"comment_status":"open","ping_status":"open","template":"","meta":[],"_links":{"self":[{"href":"https:\/\/karibikvilla.tropenvillacuracao.nl\/index.php?rest_route=\/wp\/v2\/pages\/180"}],"collection":[{"href":"https:\/\/karibikvilla.tropenvillacuracao.nl\/index.php?rest_route=\/wp\/v2\/pages"}],"about":[{"href":"https:\/\/karibikvilla.tropenvillacuracao.nl\/index.php?rest_route=\/wp\/v2\/types\/page"}],"author":[{"embeddable":true,"href":"https:\/\/karibikvilla.tropenvillacuracao.nl\/index.php?rest_route=\/wp\/v2\/users\/1"}],"replies":[{"embeddable":true,"href":"https:\/\/karibikvilla.tropenvillacuracao.nl\/index.php?rest_route=%2Fwp%2Fv2%2Fcomments&post=180"}],"version-history":[{"count":23,"href":"https:\/\/karibikvilla.tropenvillacuracao.nl\/index.php?rest_route=\/wp\/v2\/pages\/180\/revisions"}],"predecessor-version":[{"id":723,"href":"https:\/\/karibikvilla.tropenvillacuracao.nl\/index.php?rest_route=\/wp\/v2\/pages\/180\/revisions\/723"}],"wp:attachment":[{"href":"https:\/\/karibikvilla.tropenvillacuracao.nl\/index.php?rest_route=%2Fwp%2Fv2%2Fmedia&parent=180"}],"curies":[{"name":"wp","href":"https:\/\/api.w.org\/{rel}","templated":true}]}}