{"id":308,"date":"2012-07-25T15:50:16","date_gmt":"2012-07-25T13:50:16","guid":{"rendered":"http:\/\/www.tropenvillacuracao.nl\/?page_id=308"},"modified":"2013-06-25T11:31:47","modified_gmt":"2013-06-25T10:31:47","slug":"reserveringsvoorwaarden","status":"publish","type":"page","link":"https:\/\/karibikvilla.tropenvillacuracao.nl\/?page_id=308","title":{"rendered":"Reservierungsbedingungen"},"content":{"rendered":"<h1><strong style=\"font-size: 13px;\">Reservierung und Zahlung<\/strong><\/h1>\n<p>Wenn Sie eine Reservierung gemacht haben empfangen Sie eine Buchungsbest\u00e4tigung. In diese Best\u00e4tigung versuchen wir Sie direkt eine Anzahlung von 50% der Gesammtbetrag zu \u00fcberweisen nach der angegebene Bankkontonummer. Der Anzahlung soll innerhalb 10 Tagen erhalten sein.<\/p>\n<p>Mit der \u00dcberweisung der Anzahlung treffen Sie eine \u00dcbereinkunft, ein Mietvertrag f\u00fcr den Tropenvilla, und sind Sie einverstanden mit diese Bedingungen.<\/p>\n<p>Die restliche 50% der Gesammtbetrag soll sp\u00e4testens 2 Wochen vor das Sie im Villa eintreffen auf der angegebene Bankkontonummer erhalten sein. Die Kaution wird innerhalb 14 Tagen nach Ihre Abfahrt nach Ber\u00fccksichtigung der Geb\u00fchren f\u00fcr Wasser und Strom und eventueller Schaden erstattet. Bei Ankunft und Abreise, wird der Manager die Z\u00e4hlerst\u00e4nde in Ihrer Gegenwart ablesen<\/p>\n<p><strong>Die Villa reservieren lassen<\/strong><\/p>\n<p>Bevor Sie Buchen k\u00f6nnen Sie die Villa reservieren lassen f\u00fcr die Periode von eine Woche. In diese Periode werd der Villa nicht jemand anderes zu gesagt und k\u00f6nnen Sie die Fluge buchen. Wenn jemand anderes in diese Periode buchen m\u00f6chte haben Sie noch 24 Stunden um sich entg\u00fcltig zu entscheiden danach verfallt der Reservierung automatisch.<\/p>\n<p><strong>Annullierung<\/strong><\/p>\n<p>Wenn Sie die Buchung annulieren werd der Vermieter versuchen die Villa f\u00fcr die selbe Periode erneut zu vermieten. Dies sind die Annullierungsbedingungen:<\/p>\n<ul>\n<li>Erneute Vermietung f\u00fcr die ganze Periode: Sie zahlen \u20ac 150,=;<\/li>\n<li>Erneute Vermietung f\u00fcr ein Teil der Periode: Sie zahlen \u20ac 150,= plus der Mietbetrag f\u00fcr die \u00fcbrigen Tagen;<\/li>\n<li>Es gelingt nicht die Villa erneut zu vermieten: Sie zahlen das Gesammtbetrag der Mietpreise f\u00fcr die ganze Periode.<\/li>\n<li>Wenn der Mieter fr\u00fcher abreist als vereinbart gibt es keine R\u00fcckerstattung <strong><\/strong><\/li>\n<\/ul>\n<p><strong>Ankunft und Abreise<\/strong><\/p>\n<p>Der Ankunftzeit ist 16.00 Uhr oder sp\u00e4ter. Abreise sp\u00e4testens 12.00 Uhr sofern nicht im Voraus anders vereinbart ist (fr\u00fche check-in und sp\u00e4ten check-out). Sie sollen die Verwaltern Bescheid melden wenn Ihre Flugnummer oder Ankunftzeit \u00e4ndert.<\/p>\n<p><strong>Im Mietpreis inbegriffen<\/strong><\/p>\n<p>Gasverbrauch; Reinigung 1 x pro Woche (inclusiv frisch \u00dcberziehen der Betten und saubere Hand- und Badetuche); Pflege der Garten und Poolservice; Wasserverbrauch f\u00fcr den Garten und Pool (das Schwimmbad und das Bew\u00e4sserungssystem f\u00fcr den Garten verwenden Wasser aus einem privaten Tiefbrunnen dieses Wasser wird nicht an sie berechnet.<\/p>\n<p><strong>Nicht im Mietpreis inbegriffen<\/strong><\/p>\n<p>Endreinigung (\u20ac100 im Voraus zu zahlen); die tats\u00e4chlichen Kosten die w\u00e4hrend Ihres Aufenthalts f\u00fcr Wasser und Strom entstehen, Telefongeb\u00fchr und Ausgaben pers\u00f6nliche Art.<\/p>\n<p><strong>Z\u00e4hlerst\u00e4nde <\/strong><\/p>\n<p>Bei Ankunft und Abreise, werden die Z\u00e4hlerst\u00e4nde vom Wasser und Strom in Ihrer Gegenwart abgelesen. Der Verbrauch w\u00e4hrend Ihres Aufenthaltes wird an Ihnen berechnet und wird von der Kaution abgezogen. Bei einem l\u00e4ngeren Aufenthalt werden die Z\u00e4hlerst\u00e4nde in der Zwischenzeit kontrolliert und bar mit ihnen abgerechnet. Das Schwimmbad und das Bew\u00e4sserungssystem f\u00fcr den Garten verwenden Wasser aus einem privaten Tiefbrunnen dieses Wasser wird nat\u00fcrlich nicht an sie berechnet.<\/p>\n<p><strong>Energie<\/strong><\/p>\n<p>Die ganze Villa hat 220 Volt. Viele moderne Ger\u00e4te wie Handy\u2019s, laptops, tablets und ipods usw. sind geeignet f\u00fcr beide 110 und 220 Volt. Stecken Sie bitte Ger\u00e4te die nur geeignet sind f\u00fcr 110 Volt nirgendwo in unseren Villa in eine Steckdose weil Sie durchbrennen werden!<\/p>\n<p><strong>Klimaanlage und Wasser<\/strong><\/p>\n<p>Wir raten Sie nur die Klimaanlage ein zu schalten wenn Sie zu Hause sind und immer mit geschlossene Fenster. Schalte die Klimaanlage ab wenn sie weg gehen oder im Garten sind. Die Klimaanlage verbraucht viel Energie und Energie ist sehr kostbar auf Cura\u00e7ao (circa \u20ac 0,50 pro KWh).<\/p>\n<p>Das Wasser auf Cura\u00e7ao ist Gereinigtes Meerwasser und daher sehr teuer (ca. \u20ac 9,- per m\u00b3), seien Sie also sparsam.<\/p>\n<p><strong>Die Villa<\/strong><\/p>\n<p>Die Villa ist nur als Ferienwohnung zu gebrauchen. Sie m\u00fcssen die Ansichten, die f\u00fcr Bewohnung eines Luxus-Wohngebiete auf Cura\u00e7ao gelten ber\u00fccksichtigen. Dies bedeutet unter anderem, dass die Anwohner nicht bel\u00e4stigt (in welcher Form auch immer) und keine Partys und andere Veranstaltungen, halten wo mehr als die gebuchte Zahl der Menschen vorhanden sein wird (es sei denn, Sie haben vorherige schriftliche Zustimmung des Vermieters empfangen). Wenn Sie nicht sicher sind was erlaubt ist fragen Sie bitte die Manager. Wenn sich herausstellt, dass doch mehr als die gebuchte Zahl der Menschen in der Villa waren, dann m\u00fcssen Sie f\u00fcr jeder Person das doppelte Nacht Tarif hinzulegen.<\/p>\n<p><strong>Schwimmbad<\/strong><\/p>\n<p>Der Pool-Service kommt zweimal pro Woche montags und donnerstags um den Pool zu pflegen. Daf\u00fcr brauchen Sie nicht zu Hause zu bleiben.<\/p>\n<p>Pool Wasser ist ein empfindliches Gleichgewicht, es kann passieren dass das Wasser wegen unvorhergesehene (Wetter-) Bedingungen gr\u00fcn oder tr\u00fcb wird, bitte rufen Sie dann die Managers an. Sie werden versuchen es mit dem Pool-service so schnell wie m\u00f6glich zu l\u00f6sen. Dies f\u00e4llt unter h\u00f6here Gewalt Fragen, Sie k\u00f6nnen den Vermieter daf\u00fcr nicht haftbar machen oder R\u00fcckerstattung fragen.<\/p>\n<p>Glaswaren in und rund um den Pool sind nicht erlaubt. Wenn doch Glas in den Pool kommt, warnen die Manager. Sie als Mieter sind haftbar f\u00fcr alle Kosten (leer pumpen) um das Glas zu entfernen.<\/p>\n<p><strong>Haustiere<\/strong><\/p>\n<p>Haustiere sind in der Villa nicht erlaubt sofern nicht im Voraus anders vereinbart ist.<\/p>\n<p><strong>Rauchen<\/strong><\/p>\n<p>Auf Cura\u00e7ao lebt man drau\u00dfen, wo man auch rauchen darf. Rauchen in der Villa ist verboten.<\/p>\n<p><strong>Drogen<\/strong><\/p>\n<p>Es ist illegal und verboten Drogen im Haus oder auf dem Gel\u00e4nde zu haben und \/ oder zu verwenden.<\/p>\n<p><strong>Offenes Feuer<\/strong><\/p>\n<p>Es ist nicht erlaubt in und rund um die Villa ein offenes Feuer zu entz\u00fcnden.<\/p>\n<p><strong>Haftplichtigkeit der Vermieter<\/strong><\/p>\n<p>Der Vermieter haftet nicht f\u00fcr:<\/p>\n<ul>\n<li>Diebstahl, Besch\u00e4digung oder Verlust von Eigentum des Mieters w\u00e4hrend der Vermietung der Villa;<\/li>\n<li>Verletzungen in und herum die Villa, ob oder nicht pers\u00f6nlicher Natur;<\/li>\n<li>Vor\u00fcbergehende St\u00f6rungen der Ausr\u00fcstung in und um das Haus herum und vor\u00fcbergehende Unterbrechungen der Strom-oder Wasserversorgung;<\/li>\n<li>H\u00f6here Gewalt jeder Art.<\/li>\n<\/ul>\n<p><strong>Haftplichtigkeit der Mieter<\/strong><\/p>\n<p>Die Villa soll anst\u00e4ndig bewohnt werden und das Auto sollte mit Vorsicht gefahren werden. Allerdings sollte etwas brechen oder finden Sie einen Mangel an Haus oder Auto, dann m\u00fcssen Sie das den Managern innerhalb von 24 Stunden melden. Wenn der Schaden durch Ihre Schuld verursacht ist und \/ oder nicht das Ergebnis der normalen Benutzung oder Verschlei\u00df, werden wir Sie die Reparatur \/ den Ersatz Kosten anrechnen. Die ersten \u20ac 25, = pro Aufenthalt werden nicht angerechnet wenn die Schade rechtzeitig an den Manager gemeldet wird.<\/p>\n<p><strong>Versicherung<\/strong><\/p>\n<p>Der Vermieter hat das Haus, das Auto und dem Vermieter zugeh\u00f6rige Inventar gegen die \u00fcblichen Risiken und den \u00fcblichen Bedingungen bei einer lokalen Versicherungsgesellschaft versichert. Ihnen zugeh\u00f6rige Waren sind nicht unter diese Versicherung versichert. Wir empfehlen Ihnen eine Reiseversicherung ab zu schlie\u00dfen.<\/p>\n<p><strong>Abreise und Aufzeichnung Z\u00e4hlerst\u00e4nde (Abschlusszahlung)<\/strong><\/p>\n<p>Die Ger\u00e4te in der K\u00fcche und im Outdoor-K\u00fcche sollte sauber hinterlassen werden. Abfall soll in die Container deponiert sein. Der Manager wird mit den Mieter die Z\u00e4hlerst\u00e4nden (sowohl bei der Ankunft in der Villa und am Abreisetag) aufzeichnen. F\u00fcr Aufenthalte l\u00e4nger als zwei Wochen, werden die Z\u00e4hlerst\u00e4nde vorzeitig aufgezeichnet und bar abgerechnet und am Abreisetag werden die Z\u00e4hlerst\u00e4nden noch einmal aufgezeichnet. Die Kosten f\u00fcr Strom und Wasser Verbrauchskosten werden von die Die Kaution abgezogen.<\/p>\n<p><strong>Verwaltung<\/strong><\/p>\n<p>Die Villa ist von Sjaak Jansen und Marcel Aarts verwaltet. Sie sind Ihre Ansprechpartner. Sie sollten beachten, dass die Villa regelm\u00e4\u00dfig gereinigt wird, und der Garten und Pool w\u00f6chentlich gepflegt werden und das gelegentlich akute Reparaturen stattfinden m\u00fcssen. Personal kann also die Villa betreten. Dies wird nat\u00fcrlich immer im Voraus in Absprache mit den Mietern gemacht, so dass Ihnen im Voraus bekannt ist, wenn dies geschieht. Wir bitten um Verst\u00e4ndnis daf\u00fcr. F\u00fcr weitere Fragen und Kommentare w\u00e4hrend des Aufenthaltes, k\u00f6nnen Sie sich an die Manager wenden.<\/p>\n<p><strong>Anwendbarkeit der Bedingungen<\/strong><\/p>\n<p>Mit der \u00dcberweisung der Anzahlung treffen Sie eine \u00dcbereinkunft, ein Mietvertrag f\u00fcr den Tropenvilla, und sind Sie einverstanden mit diese Bedingungen.<\/p>\n<p>Wenn die Manager vermuten, dass Sie die Vorschriften und Bedingungen ignorieren, sind die Manager erlaubt zur jederzeit das Gel\u00e4nde und die Villa zu betreten.<\/p>\n<p><strong>Bei Nichteinhaltung oder Verletzung der Vorschriften und oben genannten Bedingungen und \/ oder Fehlverhalten der Mieter ist der Manager rechtm\u00e4\u00dfig befugt die Mieter sofort den Zugang zum Villa zu verweigern ohne R\u00fcckerstattung in einiger Form.<\/strong><\/p>\n<p>&nbsp;<\/p>\n<p><strong>Haben Sie Fragen oder m\u00f6chten Sie eine Reservierungsanfrage machen, schicken Sie bitte ein e-mail an<\/strong>\u00a0<span style=\"color: #0000ff;\"><a href=\"mailto:info@tropenvillacuracao.nl\"><span style=\"color: #0000ff;\">info@tropenvillacuracao.nl<\/span><\/a><\/span><\/p>\n<p><strong>\u00a0<\/strong><\/p>\n<p>&nbsp;<\/p>\n","protected":false},"excerpt":{"rendered":"<p>Reservierung und Zahlung Wenn Sie eine Reservierung gemacht haben empfangen Sie eine Buchungsbest\u00e4tigung. In diese Best\u00e4tigung versuchen wir Sie direkt eine Anzahlung von 50% der Gesammtbetrag zu \u00fcberweisen nach der angegebene Bankkontonummer. Der Anzahlung soll innerhalb 10 Tagen erhalten sein. Mit der \u00dcberweisung der Anzahlung treffen Sie eine \u00dcbereinkunft, ein Mietvertrag f\u00fcr den Tropenvilla, und [&hellip;]<\/p>\n","protected":false},"author":1,"featured_media":0,"parent":0,"menu_order":0,"comment_status":"open","ping_status":"open","template":"","meta":[],"_links":{"self":[{"href":"https:\/\/karibikvilla.tropenvillacuracao.nl\/index.php?rest_route=\/wp\/v2\/pages\/308"}],"collection":[{"href":"https:\/\/karibikvilla.tropenvillacuracao.nl\/index.php?rest_route=\/wp\/v2\/pages"}],"about":[{"href":"https:\/\/karibikvilla.tropenvillacuracao.nl\/index.php?rest_route=\/wp\/v2\/types\/page"}],"author":[{"embeddable":true,"href":"https:\/\/karibikvilla.tropenvillacuracao.nl\/index.php?rest_route=\/wp\/v2\/users\/1"}],"replies":[{"embeddable":true,"href":"https:\/\/karibikvilla.tropenvillacuracao.nl\/index.php?rest_route=%2Fwp%2Fv2%2Fcomments&post=308"}],"version-history":[{"count":12,"href":"https:\/\/karibikvilla.tropenvillacuracao.nl\/index.php?rest_route=\/wp\/v2\/pages\/308\/revisions"}],"predecessor-version":[{"id":576,"href":"https:\/\/karibikvilla.tropenvillacuracao.nl\/index.php?rest_route=\/wp\/v2\/pages\/308\/revisions\/576"}],"wp:attachment":[{"href":"https:\/\/karibikvilla.tropenvillacuracao.nl\/index.php?rest_route=%2Fwp%2Fv2%2Fmedia&parent=308"}],"curies":[{"name":"wp","href":"https:\/\/api.w.org\/{rel}","templated":true}]}}