{"id":8,"date":"2012-05-01T15:57:15","date_gmt":"2012-05-01T13:57:15","guid":{"rendered":"http:\/\/www.tropenvillacuracao.nl\/?page_id=6"},"modified":"2024-08-21T15:23:09","modified_gmt":"2024-08-21T14:23:09","slug":"home","status":"publish","type":"page","link":"https:\/\/karibikvilla.tropenvillacuracao.nl\/?page_id=8","title":{"rendered":"Charmante Luxus Ferien Villa mit privatem pool auf Cura\u00e7ao"},"content":{"rendered":"<h5><strong>Kolonialen Villa mit modernen Komfort<\/strong><\/h5>\n<p>Die Tropenvilla ist eine freistehende, charmante kolonialen Ferien Villa f\u00fcr 10 Personen (und Baby oder kleines Kind) mit einem gro\u00dfen privatem Pool und mit einem sehr gro\u00dfen tropischen ummauerten Garten wo Sie eine absolute Privatsph\u00e4re genie\u00dfen k\u00f6nnen. Die charmante Tropenvilla bietet alle Zutaten f\u00fcr einen sonnigen und erholsamen luxus Urlaub mit Kindern und\/oder Enkeln. Die Tropenvilla liegt im einem gr\u00fcnen und ruhigen Ort genannt Julianadorp, ein kolonialen Villa Bezirk zentral gelegen auf Cura\u00e7ao. Julianadorp ist eine ger\u00e4umige Fl\u00e4che die f\u00fcr ihre sch\u00f6nen und coolen authentischen kolonialen tropischen Villen bekannt ist, die in den 50-er Jahren von Shell als Manager Residenzen gebaut wurden. Obwohl die Tropenvilla die Atmosph\u00e4re einer vergangenen Epoche verstr\u00f6mt, verf\u00fcgt sie \u00fcber alle modernen Annehmlichkeiten.<\/p>\n<h5>Privatsph\u00e4re und Luxus<\/h5>\n<p>Ihre Tropenvilla liegt auf einem ummauerten Grundst\u00fcck von mehr als 2000 m2. Im gro\u00dfen Garten mit privatem Pool, Palmen und tropischer Vegetation genie\u00dfen Sie absolute Privatsph\u00e4re. Die Tropenvilla liegt auf einem H\u00fcgel und ist auf den Wind errichtet, damit Sie, die Berge von Cura\u00e7ao \u00fcbersehend, immer eine erfrischende Brise genie\u00dfen.<\/p>\n<h5>Ferien Villa&nbsp; und Terrassen<\/h5>\n<p>Die Tropenvilla ist so konstruiert, dass immer eine k\u00fchlende Brise durch das Haus weht, wodurch die Temperatur im Wohn- und Schlafzimmer immer angenehm ist (dar\u00fcber hinaus verf\u00fcgen alle Zimmer \u00fcber Klimaanlage). Das tropische Klima auf Cura\u00e7ao macht jedoch dass man drau\u00dfen lebt. Fr\u00fchst\u00fccken Sie mit der ganzen Familie auf der gro\u00dfen Veranda auf der Vorderseite der Villa oder setzen Sie sich mit einem Tropical Drink im Schatten auf der ger\u00e4umigen Veranda auf der Hinterseite. Genie\u00dfen Sie die Sonne auf den Sonnenliegen an den privaten Pool (10 bei 5 Meter) oder lesen Sie ein Buch im Schatten der alten tropischen Baumes, weil die Kinder herum laufen und Fu\u00dfball oder Beachball und Badminton spielen auf dem gro\u00dfen Rasen. Sie k\u00f6nnen grillen und kochen in der Outdoor-K\u00fcche und eine k\u00f6stliche Mahlzeit genie\u00dfen am gro\u00dfen Esstisch im Garten oder im Auto steigen (es ist n\u00e4mlich immer irgendwo auf der Insel Happy Hour und es gibt eine gro\u00dfe Auswahl an feinen Restaurants.<\/p>\n<h5 id=\"resulttxt\">Zentrale Lage auf Cura\u00e7ao<\/h5>\n<p>Die Tropenvilla ist eine 5-min\u00fctige Fahrt vom Flughafen und liegt sehr zentral auf der Insel, Sie sind nie weit entfernt von den Sehensw\u00fcrdigkeiten von Cura\u00e7ao. Der Strand und die 18-Hole <a title=\"Blue Bay Golf Film\" href=\"http:\/\/youtu.be\/L12ZGixJcWU\" target=\"_blank\" rel=\"noopener noreferrer\">Blue Bay Golf Course <\/a>ist nur 5 Minuten. Egal, ob Sie das Auto nehmen und Einkaufen gehen in Willemstad oder jeden Tag einem anderen wundersch\u00f6nen tropischen Strand besuchen zum Sonnenbaden, Schnorcheln oder Tauchen. Mann kommt in der Tropenvilla immer wieder richtig&nbsp;\u2018zu Hause\u2019 nach einem sonnigen Tag auf der Insel. Man kann nat\u00fcrlich auch einkaufen gehen f\u00fcr Snacks und Getr\u00e4nke (es gibt&nbsp;ein gro\u00dfer Supermarkt auf 2 Minuten), die Musik einschalten und&nbsp;\u2018zu Hause&nbsp;bleiben\u2019 am Pool mit allem Luxus innerhalb erreich, denn das ist auch eine absolute M\u00f6rder Urlaub. Einen Aufenthalt in der&nbsp;Tropenvilla ist einfach ein Muss f\u00fcr jeden der Luxus, Ruhe und Privatsph\u00e4re kombinieren m\u00f6chte mit der Vielfalt der Unterhaltung die Cura\u00e7ao zu bieten hat!<br \/>\n<span style=\"color: #ffffff;\"> <!--Anfang Linkcode --><\/span><\/p>\n<p><strong>Haben Sie Fragen oder m\u00f6chten Sie eine Reservierungsanfrage machen, schicken Sie bitte ein e-mail an<\/strong>&nbsp;<span style=\"color: #0000ff;\"><a href=\"mailto:info@tropenvillacuracao.nl\"><span style=\"color: #0000ff;\">info@tropenvillacuracao.nl<\/span><\/a><\/span><br \/>\n<span style=\"color: #ffffff;\"> <a href=\"http:\/\/www.ferienhausmarkt.com\/region\/curacao\/\"><span style=\"color: #ffffff;\">Ferienvilla Curacao von privat<\/span><\/a><\/span><br \/>\n<span style=\"color: #ffffff;\"> und <a href=\"http:\/\/www.ostsee-strandurlaub.net\/\"><span style=\"color: #ffffff;\">Ferienhaus Ostsee<\/span><\/a> g\u00fcnstig finden<\/span><br \/>\n<span style=\"color: #ffffff;\"> <!--ENDE Linkcode --><\/span><\/p>\n","protected":false},"excerpt":{"rendered":"<p>Kolonialen Villa mit modernen Komfort Die Tropenvilla ist eine freistehende, charmante kolonialen Ferien Villa f\u00fcr 10 Personen (und Baby oder kleines Kind) mit einem gro\u00dfen privatem Pool und mit einem sehr gro\u00dfen tropischen ummauerten Garten wo Sie eine absolute Privatsph\u00e4re genie\u00dfen k\u00f6nnen. Die charmante Tropenvilla bietet alle Zutaten f\u00fcr einen sonnigen und erholsamen luxus Urlaub [&hellip;]<\/p>\n","protected":false},"author":1,"featured_media":0,"parent":0,"menu_order":0,"comment_status":"open","ping_status":"open","template":"","meta":[],"_links":{"self":[{"href":"https:\/\/karibikvilla.tropenvillacuracao.nl\/index.php?rest_route=\/wp\/v2\/pages\/8"}],"collection":[{"href":"https:\/\/karibikvilla.tropenvillacuracao.nl\/index.php?rest_route=\/wp\/v2\/pages"}],"about":[{"href":"https:\/\/karibikvilla.tropenvillacuracao.nl\/index.php?rest_route=\/wp\/v2\/types\/page"}],"author":[{"embeddable":true,"href":"https:\/\/karibikvilla.tropenvillacuracao.nl\/index.php?rest_route=\/wp\/v2\/users\/1"}],"replies":[{"embeddable":true,"href":"https:\/\/karibikvilla.tropenvillacuracao.nl\/index.php?rest_route=%2Fwp%2Fv2%2Fcomments&post=8"}],"version-history":[{"count":34,"href":"https:\/\/karibikvilla.tropenvillacuracao.nl\/index.php?rest_route=\/wp\/v2\/pages\/8\/revisions"}],"predecessor-version":[{"id":768,"href":"https:\/\/karibikvilla.tropenvillacuracao.nl\/index.php?rest_route=\/wp\/v2\/pages\/8\/revisions\/768"}],"wp:attachment":[{"href":"https:\/\/karibikvilla.tropenvillacuracao.nl\/index.php?rest_route=%2Fwp%2Fv2%2Fmedia&parent=8"}],"curies":[{"name":"wp","href":"https:\/\/api.w.org\/{rel}","templated":true}]}}